{"id":33,"date":"2024-10-19T22:05:09","date_gmt":"2024-10-19T22:05:09","guid":{"rendered":"https:\/\/www.institutomodernoamericano.edu.mx\/ima\/\/?page_id=33"},"modified":"2025-02-07T17:53:04","modified_gmt":"2025-02-07T17:53:04","slug":"logros-academicos","status":"publish","type":"page","link":"https:\/\/www.institutomodernoamericano.edu.mx\/ima\/index.php\/logros-academicos\/","title":{"rendered":"Logros acad\u00e9micos"},"content":{"rendered":"\t\t<div data-elementor-type=\"wp-page\" data-elementor-id=\"33\" class=\"elementor elementor-33\">\n\t\t\t\t<div class=\"elementor-element elementor-element-0bf935c e-con-full e-flex e-con e-parent\" data-id=\"0bf935c\" data-element_type=\"container\" data-e-type=\"container\" data-settings=\"{&quot;background_background&quot;:&quot;slideshow&quot;,&quot;background_slideshow_gallery&quot;:[{&quot;id&quot;:963,&quot;url&quot;:&quot;https:\\\/\\\/www.institutomodernoamericano.edu.mx\\\/ima\\\/wp-content\\\/uploads\\\/2025\\\/02\\\/prueba-LOGROS-ACADEMICOS-1200X400.jpg&quot;}],&quot;background_slideshow_slide_duration&quot;:2000,&quot;background_slideshow_loop&quot;:&quot;yes&quot;,&quot;background_slideshow_slide_transition&quot;:&quot;fade&quot;,&quot;background_slideshow_transition_duration&quot;:500}\">\n\t\t\t\t<div class=\"elementor-element elementor-element-82230b2 elementor-widget elementor-widget-spacer\" data-id=\"82230b2\" data-element_type=\"widget\" data-e-type=\"widget\" data-widget_type=\"spacer.default\">\n\t\t\t\t<div class=\"elementor-widget-container\">\n\t\t\t\t\t\t\t<div class=\"elementor-spacer\">\n\t\t\t<div class=\"elementor-spacer-inner\"><\/div>\n\t\t<\/div>\n\t\t\t\t\t\t<\/div>\n\t\t\t\t<\/div>\n\t\t\t\t<\/div>\n\t\t<div class=\"elementor-element elementor-element-e8faa77 e-flex e-con-boxed e-con e-parent\" data-id=\"e8faa77\" data-element_type=\"container\" data-e-type=\"container\" data-settings=\"{&quot;background_background&quot;:&quot;classic&quot;}\">\n\t\t\t\t\t<div class=\"e-con-inner\">\n\t\t\t\t<div class=\"elementor-element elementor-element-755456e elementor-widget elementor-widget-text-editor\" data-id=\"755456e\" data-element_type=\"widget\" data-e-type=\"widget\" data-widget_type=\"text-editor.default\">\n\t\t\t\t<div class=\"elementor-widget-container\">\n\t\t\t\t\t\t\t\t\t<h5><span style=\"color: #ff0000;\">LOGROS ACAD\u00c9MICOS<\/span><\/h5>\t\t\t\t\t\t\t\t<\/div>\n\t\t\t\t<\/div>\n\t\t\t\t<div class=\"elementor-element elementor-element-76e9a4e elementor-widget elementor-widget-text-editor\" data-id=\"76e9a4e\" data-element_type=\"widget\" data-e-type=\"widget\" data-widget_type=\"text-editor.default\">\n\t\t\t\t<div class=\"elementor-widget-container\">\n\t\t\t\t\t\t\t\t\t<h5>Participaci\u00f3n en competencias nacionales e internacionales:<\/h5>\t\t\t\t\t\t\t\t<\/div>\n\t\t\t\t<\/div>\n\t\t<div class=\"elementor-element elementor-element-7636844 e-grid e-con-full e-con e-child\" data-id=\"7636844\" data-element_type=\"container\" data-e-type=\"container\">\n\t\t<div class=\"elementor-element elementor-element-16a28a1 e-grid e-con-full e-con e-child\" data-id=\"16a28a1\" data-element_type=\"container\" data-e-type=\"container\">\n\t\t\t\t<div class=\"elementor-element elementor-element-2b70a03 elementor-widget elementor-widget-text-editor\" data-id=\"2b70a03\" data-element_type=\"widget\" data-e-type=\"widget\" data-widget_type=\"text-editor.default\">\n\t\t\t\t<div class=\"elementor-widget-container\">\n\t\t\t\t\t\t\t\t\t<h5>British English Olympics<\/h5><p>Olimpiada acad\u00e9mica internacional llevada a cabo en Londres, Inglaterra, cuyo objetivo es desarrollar habilidades orales del idioma ingl\u00e9s a trav\u00e9s de diversos proyectos, y en donde nuestros alumnos de secundaria\u00a0<b>obtuvieron en 2018 el primer lugar<\/b>\u00a0absoluto entre 2500 estudiantes de 139 escuelas de Latinoam\u00e9rica, Asia y Europa.<\/p>\t\t\t\t\t\t\t\t<\/div>\n\t\t\t\t<\/div>\n\t\t\t\t<div class=\"elementor-element elementor-element-6eabbef elementor-widget elementor-widget-image\" data-id=\"6eabbef\" data-element_type=\"widget\" data-e-type=\"widget\" data-widget_type=\"image.default\">\n\t\t\t\t<div class=\"elementor-widget-container\">\n\t\t\t\t\t\t\t\t\t\t\t\t\t\t\t<img decoding=\"async\" width=\"180\" height=\"180\" src=\"https:\/\/www.institutomodernoamericano.edu.mx\/ima\/wp-content\/uploads\/2024\/10\/logo-beo.png\" class=\"attachment-large size-large wp-image-250\" alt=\"\" srcset=\"https:\/\/www.institutomodernoamericano.edu.mx\/ima\/wp-content\/uploads\/2024\/10\/logo-beo.png 180w, https:\/\/www.institutomodernoamericano.edu.mx\/ima\/wp-content\/uploads\/2024\/10\/logo-beo-150x150.png 150w\" sizes=\"(max-width: 180px) 100vw, 180px\" \/>\t\t\t\t\t\t\t\t\t\t\t\t\t\t\t<\/div>\n\t\t\t\t<\/div>\n\t\t\t\t<\/div>\n\t\t\t\t<div class=\"elementor-element elementor-element-44b7831 elementor-widget elementor-widget-text-editor\" data-id=\"44b7831\" data-element_type=\"widget\" data-e-type=\"widget\" data-widget_type=\"text-editor.default\">\n\t\t\t\t<div class=\"elementor-widget-container\">\n\t\t\t\t\t\t\t\t\t<p><b>Nuestros alumnos han tenido una destacada participaci\u00f3n al obtener en 2018 \u00a0el primer y tercer lugar generales \u00a0de la competencia.<\/b><\/p>\t\t\t\t\t\t\t\t<\/div>\n\t\t\t\t<\/div>\n\t\t\t\t<\/div>\n\t\t\t\t\t<\/div>\n\t\t\t\t<\/div>\n\t\t<div class=\"elementor-element elementor-element-d0bc455 e-flex e-con-boxed e-con e-parent\" data-id=\"d0bc455\" data-element_type=\"container\" data-e-type=\"container\" data-settings=\"{&quot;background_background&quot;:&quot;classic&quot;}\">\n\t\t\t\t\t<div class=\"e-con-inner\">\n\t\t<div class=\"elementor-element elementor-element-642c135 e-grid e-con-full e-con e-child\" data-id=\"642c135\" data-element_type=\"container\" data-e-type=\"container\">\n\t\t\t\t<div class=\"elementor-element elementor-element-d48168e elementor-widget elementor-widget-image\" data-id=\"d48168e\" data-element_type=\"widget\" data-e-type=\"widget\" data-widget_type=\"image.default\">\n\t\t\t\t<div class=\"elementor-widget-container\">\n\t\t\t\t\t\t\t\t\t\t\t\t\t\t\t<img fetchpriority=\"high\" decoding=\"async\" width=\"300\" height=\"300\" src=\"https:\/\/www.institutomodernoamericano.edu.mx\/ima\/wp-content\/uploads\/2025\/01\/SABIAS-QUE1-300x300.jpg\" class=\"attachment-medium size-medium wp-image-732\" alt=\"\" srcset=\"https:\/\/www.institutomodernoamericano.edu.mx\/ima\/wp-content\/uploads\/2025\/01\/SABIAS-QUE1-300x300.jpg 300w, https:\/\/www.institutomodernoamericano.edu.mx\/ima\/wp-content\/uploads\/2025\/01\/SABIAS-QUE1-150x150.jpg 150w, https:\/\/www.institutomodernoamericano.edu.mx\/ima\/wp-content\/uploads\/2025\/01\/SABIAS-QUE1-768x768.jpg 768w, https:\/\/www.institutomodernoamericano.edu.mx\/ima\/wp-content\/uploads\/2025\/01\/SABIAS-QUE1.jpg 831w\" sizes=\"(max-width: 300px) 100vw, 300px\" \/>\t\t\t\t\t\t\t\t\t\t\t\t\t\t\t<\/div>\n\t\t\t\t<\/div>\n\t\t\t\t<div class=\"elementor-element elementor-element-913c744 elementor-widget elementor-widget-text-editor\" data-id=\"913c744\" data-element_type=\"widget\" data-e-type=\"widget\" data-widget_type=\"text-editor.default\">\n\t\t\t\t<div class=\"elementor-widget-container\">\n\t\t\t\t\t\t\t\t\t<h4>\u00bfSAB\u00cdAS QUE&#8230;?<\/h4><p>Tenemos una destacada participaci\u00f3n en las\u00a0<b>Olimp\u00edada Mexicana de Matem\u00e1ticas<\/b>\u00a0siendo nuestros alumnos seleccionados para formar parte del selectivo por el alto puntaje obtenido en las diferentes etapas.<\/p>\t\t\t\t\t\t\t\t<\/div>\n\t\t\t\t<\/div>\n\t\t\t\t<\/div>\n\t\t\t\t\t<\/div>\n\t\t\t\t<\/div>\n\t\t<div class=\"elementor-element elementor-element-40b5fb8 e-flex e-con-boxed e-con e-parent\" data-id=\"40b5fb8\" data-element_type=\"container\" data-e-type=\"container\" data-settings=\"{&quot;background_background&quot;:&quot;classic&quot;}\">\n\t\t\t\t\t<div class=\"e-con-inner\">\n\t\t<div class=\"elementor-element elementor-element-2080b65 e-grid e-con-full e-con e-child\" data-id=\"2080b65\" data-element_type=\"container\" data-e-type=\"container\">\n\t\t\t\t<div class=\"elementor-element elementor-element-8c1d72c elementor-widget elementor-widget-text-editor\" data-id=\"8c1d72c\" data-element_type=\"widget\" data-e-type=\"widget\" data-widget_type=\"text-editor.default\">\n\t\t\t\t<div class=\"elementor-widget-container\">\n\t\t\t\t\t\t\t\t\t<h4>\u00bfSAB\u00cdAS QUE&#8230;?<\/h4><p>Nuestros alumnos egresados de secundaria se certifican en un cien por ciento con el nivel esperado seg\u00fan el marco com\u00fan Europeo de Referencia y en un sesenta por ciento arriba del nivel esperado<\/p>\t\t\t\t\t\t\t\t<\/div>\n\t\t\t\t<\/div>\n\t\t\t\t<div class=\"elementor-element elementor-element-d40f373 elementor-widget elementor-widget-image\" data-id=\"d40f373\" data-element_type=\"widget\" data-e-type=\"widget\" data-widget_type=\"image.default\">\n\t\t\t\t<div class=\"elementor-widget-container\">\n\t\t\t\t\t\t\t\t\t\t\t\t\t\t\t<img decoding=\"async\" width=\"300\" height=\"300\" src=\"https:\/\/www.institutomodernoamericano.edu.mx\/ima\/wp-content\/uploads\/2025\/01\/SABIAS-QUE2-300x300.jpg\" class=\"attachment-medium size-medium wp-image-733\" alt=\"\" srcset=\"https:\/\/www.institutomodernoamericano.edu.mx\/ima\/wp-content\/uploads\/2025\/01\/SABIAS-QUE2-300x300.jpg 300w, https:\/\/www.institutomodernoamericano.edu.mx\/ima\/wp-content\/uploads\/2025\/01\/SABIAS-QUE2-150x150.jpg 150w, https:\/\/www.institutomodernoamericano.edu.mx\/ima\/wp-content\/uploads\/2025\/01\/SABIAS-QUE2-768x768.jpg 768w, https:\/\/www.institutomodernoamericano.edu.mx\/ima\/wp-content\/uploads\/2025\/01\/SABIAS-QUE2.jpg 831w\" sizes=\"(max-width: 300px) 100vw, 300px\" \/>\t\t\t\t\t\t\t\t\t\t\t\t\t\t\t<\/div>\n\t\t\t\t<\/div>\n\t\t\t\t<\/div>\n\t\t\t\t\t<\/div>\n\t\t\t\t<\/div>\n\t\t\t\t<\/div>\n\t\t","protected":false},"excerpt":{"rendered":"<p>LOGROS ACAD\u00c9MICOS Participaci\u00f3n en competencias nacionales e internacionales: British English Olympics Olimpiada acad\u00e9mica internacional llevada a cabo en Londres, Inglaterra, cuyo objetivo es desarrollar habilidades orales del idioma ingl\u00e9s a trav\u00e9s de diversos proyectos, y en donde nuestros alumnos de secundaria\u00a0obtuvieron en 2018 el primer lugar\u00a0absoluto entre 2500 estudiantes de 139 escuelas de Latinoam\u00e9rica, Asia [&hellip;]<\/p>\n","protected":false},"author":1,"featured_media":0,"parent":0,"menu_order":0,"comment_status":"closed","ping_status":"closed","template":"elementor_header_footer","meta":{"footnotes":""},"class_list":["post-33","page","type-page","status-publish","hentry"],"_links":{"self":[{"href":"https:\/\/www.institutomodernoamericano.edu.mx\/ima\/index.php\/wp-json\/wp\/v2\/pages\/33","targetHints":{"allow":["GET"]}}],"collection":[{"href":"https:\/\/www.institutomodernoamericano.edu.mx\/ima\/index.php\/wp-json\/wp\/v2\/pages"}],"about":[{"href":"https:\/\/www.institutomodernoamericano.edu.mx\/ima\/index.php\/wp-json\/wp\/v2\/types\/page"}],"author":[{"embeddable":true,"href":"https:\/\/www.institutomodernoamericano.edu.mx\/ima\/index.php\/wp-json\/wp\/v2\/users\/1"}],"replies":[{"embeddable":true,"href":"https:\/\/www.institutomodernoamericano.edu.mx\/ima\/index.php\/wp-json\/wp\/v2\/comments?post=33"}],"version-history":[{"count":0,"href":"https:\/\/www.institutomodernoamericano.edu.mx\/ima\/index.php\/wp-json\/wp\/v2\/pages\/33\/revisions"}],"wp:attachment":[{"href":"https:\/\/www.institutomodernoamericano.edu.mx\/ima\/index.php\/wp-json\/wp\/v2\/media?parent=33"}],"curies":[{"name":"wp","href":"https:\/\/api.w.org\/{rel}","templated":true}]}}