{"id":37,"date":"2024-10-19T22:07:04","date_gmt":"2024-10-19T22:07:04","guid":{"rendered":"https:\/\/www.institutomodernoamericano.edu.mx\/ima\/\/?page_id=37"},"modified":"2025-03-14T19:31:17","modified_gmt":"2025-03-14T19:31:17","slug":"tecnologia-e-inovacion","status":"publish","type":"page","link":"https:\/\/www.institutomodernoamericano.edu.mx\/ima\/index.php\/tecnologia-e-inovacion\/","title":{"rendered":"Tecnolog\u00eda e inovaci\u00f3n"},"content":{"rendered":"\t\t<div data-elementor-type=\"wp-page\" data-elementor-id=\"37\" class=\"elementor elementor-37\">\n\t\t\t\t<div class=\"elementor-element elementor-element-2bfb6ab e-con-full e-flex e-con e-parent\" data-id=\"2bfb6ab\" data-element_type=\"container\" data-e-type=\"container\" data-settings=\"{&quot;background_background&quot;:&quot;classic&quot;}\">\n\t\t\t\t<div class=\"elementor-element elementor-element-a863d38 elementor-widget elementor-widget-spacer\" data-id=\"a863d38\" data-element_type=\"widget\" data-e-type=\"widget\" data-widget_type=\"spacer.default\">\n\t\t\t\t<div class=\"elementor-widget-container\">\n\t\t\t\t\t\t\t<div class=\"elementor-spacer\">\n\t\t\t<div class=\"elementor-spacer-inner\"><\/div>\n\t\t<\/div>\n\t\t\t\t\t\t<\/div>\n\t\t\t\t<\/div>\n\t\t\t\t<\/div>\n\t\t<div class=\"elementor-element elementor-element-080c04b e-flex e-con-boxed e-con e-parent\" data-id=\"080c04b\" data-element_type=\"container\" data-e-type=\"container\">\n\t\t\t\t\t<div class=\"e-con-inner\">\n\t\t<div class=\"elementor-element elementor-element-19dac50 e-grid e-con-full e-con e-child\" data-id=\"19dac50\" data-element_type=\"container\" data-e-type=\"container\">\n\t\t\t\t<div class=\"elementor-element elementor-element-e43077f elementor-widget elementor-widget-text-editor\" data-id=\"e43077f\" data-element_type=\"widget\" data-e-type=\"widget\" data-widget_type=\"text-editor.default\">\n\t\t\t\t<div class=\"elementor-widget-container\">\n\t\t\t\t\t\t\t\t\t<header class=\"py-5\"><div class=\"container\"><div class=\"row\"><div class=\"col\"><h4 class=\"m-0\">Tecnolog\u00eda e innovaci\u00f3n<\/h4><\/div><\/div><\/div><\/header><section><div class=\"container\"><div class=\"row\"><div class=\"col-sm-6 text-center text-sm-left\"><h5 class=\"py-5\">\u00a0<\/h5><\/div><\/div><\/div><\/section>\t\t\t\t\t\t\t\t<\/div>\n\t\t\t\t<\/div>\n\t\t<div class=\"elementor-element elementor-element-c9d43e4 e-grid e-con-full e-con e-child\" data-id=\"c9d43e4\" data-element_type=\"container\" data-e-type=\"container\">\n\t\t\t\t<div class=\"elementor-element elementor-element-fb77cc0 elementor-widget elementor-widget-text-editor\" data-id=\"fb77cc0\" data-element_type=\"widget\" data-e-type=\"widget\" data-widget_type=\"text-editor.default\">\n\t\t\t\t<div class=\"elementor-widget-container\">\n\t\t\t\t\t\t\t\t\t<p>Nuestro\u00a0<b>centro de c\u00f3mputo<\/b>\u00a0cuenta con 27 computadoras, cada una de ellas consta de los recursos necesarios para desarrollar las habilidades digitales de nuestros estudiantes.<\/p><p class=\"m-0\">Dependiendo del nivel escolar en el que se encuentra el alumno, realizamos diferentes actividades en el centro de c\u00f3mputo, siguiendo dos rutas educativas principales: <span class=\"lead\"><a href=\"https:\/\/www.institutomodernoamericano.edu.mx\/pages\/nosotros\/tecnologia-e-inovacion.php#coding\">Coding para Nivel primaria<\/a>\u00a0y\u00a0<a href=\"https:\/\/www.institutomodernoamericano.edu.mx\/pages\/nosotros\/tecnologia-e-inovacion.php#vinculacion\">vinculaci\u00f3n de proyectos para nivel secundaria<\/a><\/span>.<\/p>\t\t\t\t\t\t\t\t<\/div>\n\t\t\t\t<\/div>\n\t\t\t\t<div class=\"elementor-element elementor-element-29bef51 elementor-widget elementor-widget-image\" data-id=\"29bef51\" data-element_type=\"widget\" data-e-type=\"widget\" data-widget_type=\"image.default\">\n\t\t\t\t<div class=\"elementor-widget-container\">\n\t\t\t\t\t\t\t\t\t\t\t\t\t\t\t<img fetchpriority=\"high\" decoding=\"async\" width=\"300\" height=\"300\" src=\"https:\/\/www.institutomodernoamericano.edu.mx\/ima\/wp-content\/uploads\/2025\/01\/CODING2024_2-300x300.jpg\" class=\"attachment-medium size-medium wp-image-753\" alt=\"\" srcset=\"https:\/\/www.institutomodernoamericano.edu.mx\/ima\/wp-content\/uploads\/2025\/01\/CODING2024_2-300x300.jpg 300w, https:\/\/www.institutomodernoamericano.edu.mx\/ima\/wp-content\/uploads\/2025\/01\/CODING2024_2-150x150.jpg 150w, https:\/\/www.institutomodernoamericano.edu.mx\/ima\/wp-content\/uploads\/2025\/01\/CODING2024_2-768x768.jpg 768w, https:\/\/www.institutomodernoamericano.edu.mx\/ima\/wp-content\/uploads\/2025\/01\/CODING2024_2.jpg 831w\" sizes=\"(max-width: 300px) 100vw, 300px\" \/>\t\t\t\t\t\t\t\t\t\t\t\t\t\t\t<\/div>\n\t\t\t\t<\/div>\n\t\t\t\t<\/div>\n\t\t\t\t<\/div>\n\t\t\t\t\t<\/div>\n\t\t\t\t<\/div>\n\t\t<div class=\"elementor-element elementor-element-4d9d8f9 e-flex e-con-boxed e-con e-parent\" data-id=\"4d9d8f9\" data-element_type=\"container\" data-e-type=\"container\" data-settings=\"{&quot;background_background&quot;:&quot;classic&quot;}\">\n\t\t\t\t\t<div class=\"e-con-inner\">\n\t\t<div class=\"elementor-element elementor-element-8553393 e-grid e-con-full e-con e-child\" data-id=\"8553393\" data-element_type=\"container\" data-e-type=\"container\">\n\t\t\t\t<div class=\"elementor-element elementor-element-57a91fe elementor-widget elementor-widget-image\" data-id=\"57a91fe\" data-element_type=\"widget\" data-e-type=\"widget\" data-widget_type=\"image.default\">\n\t\t\t\t<div class=\"elementor-widget-container\">\n\t\t\t\t\t\t\t\t\t\t\t\t\t\t\t<img decoding=\"async\" width=\"300\" height=\"300\" src=\"https:\/\/www.institutomodernoamericano.edu.mx\/ima\/wp-content\/uploads\/2025\/01\/CODING2024_4-300x300.jpg\" class=\"attachment-medium size-medium wp-image-754\" alt=\"\" srcset=\"https:\/\/www.institutomodernoamericano.edu.mx\/ima\/wp-content\/uploads\/2025\/01\/CODING2024_4-300x300.jpg 300w, https:\/\/www.institutomodernoamericano.edu.mx\/ima\/wp-content\/uploads\/2025\/01\/CODING2024_4-150x150.jpg 150w, https:\/\/www.institutomodernoamericano.edu.mx\/ima\/wp-content\/uploads\/2025\/01\/CODING2024_4-768x768.jpg 768w, https:\/\/www.institutomodernoamericano.edu.mx\/ima\/wp-content\/uploads\/2025\/01\/CODING2024_4.jpg 831w\" sizes=\"(max-width: 300px) 100vw, 300px\" \/>\t\t\t\t\t\t\t\t\t\t\t\t\t\t\t<\/div>\n\t\t\t\t<\/div>\n\t\t\t\t<div class=\"elementor-element elementor-element-aa76e8a elementor-widget elementor-widget-text-editor\" data-id=\"aa76e8a\" data-element_type=\"widget\" data-e-type=\"widget\" data-widget_type=\"text-editor.default\">\n\t\t\t\t<div class=\"elementor-widget-container\">\n\t\t\t\t\t\t\t\t\t<h4>Coding (Primaria)<\/h4><p>Introducimos a nuestros a alumnos en el mundo de la programaci\u00f3n, teniendo como objetivo principal\u00a0<b>generar individuos capaces de desarrollar una relaci\u00f3n inteligente y responsable con la tecnolog\u00eda<\/b>. Brindarles las herramientas para que estructuren un pensamiento\u00a0<b>l\u00f3gico\u2013matem\u00e1tico<\/b>\u00a0en la resoluci\u00f3n de problemas. Adem\u00e1s de fortalecer\u00a0<b>habilidades cognitivas<\/b>, los alumnos se familiarizan con valores importantes de la cultura tecnol\u00f3gica, como la comunidad\u00a0<b>open source, la creatividad y el trabajo colaborativo, <\/b>utilizar lenguaje <b>ordenado y algor\u00edtmico, <\/b>desarrollar un m\u00e9todo de trabajo colaborativo con la computaci\u00f3n y la programaci\u00f3n como protagonistas.<\/p>\t\t\t\t\t\t\t\t<\/div>\n\t\t\t\t<\/div>\n\t\t\t\t<\/div>\n\t\t\t\t\t<\/div>\n\t\t\t\t<\/div>\n\t\t<div class=\"elementor-element elementor-element-5954d20 e-flex e-con-boxed e-con e-parent\" data-id=\"5954d20\" data-element_type=\"container\" data-e-type=\"container\">\n\t\t\t\t\t<div class=\"e-con-inner\">\n\t\t<div class=\"elementor-element elementor-element-80bbd9c e-grid e-con-full e-con e-child\" data-id=\"80bbd9c\" data-element_type=\"container\" data-e-type=\"container\">\n\t\t\t\t<div class=\"elementor-element elementor-element-9663ce5 elementor-widget elementor-widget-text-editor\" data-id=\"9663ce5\" data-element_type=\"widget\" data-e-type=\"widget\" data-widget_type=\"text-editor.default\">\n\t\t\t\t<div class=\"elementor-widget-container\">\n\t\t\t\t\t\t\t\t\t<h4>Vinculaci\u00f3n de proyectos (Secundaria)<\/h4><p>Nuestros alumnos desarrollan\u00a0<b>proyectos tecnol\u00f3gicos interdisciplinarios<\/b>, fomentamos el\u00a0<b>trabajo colaborativo<\/b>\u00a0y el\u00a0<b>pensamiento creativo<\/b>\u00a0para el\u00a0<b>aprendizaje e investigaci\u00f3n<\/b>\u00a0de las\u00a0<b>herramientas tecnol\u00f3gicas<\/b> (software open source) necesarias para el desarrollo del proyecto el cual puede ser desde la programaci\u00f3n de un videojuego hasta la filmaci\u00f3n y edici\u00f3n de un documental.<\/p><p>Durante el ciclo escolar los alumnos de ambos niveles adquieren las\u00a0<b>habilidades digitales<\/b>\u00a0necesarias para el uso\u00a0<b>responsable<\/b>\u00a0de las herramientas tecnol\u00f3gicas que utilizan.<\/p>\t\t\t\t\t\t\t\t<\/div>\n\t\t\t\t<\/div>\n\t\t\t\t<div class=\"elementor-element elementor-element-bb55e2c elementor-widget elementor-widget-image\" data-id=\"bb55e2c\" data-element_type=\"widget\" data-e-type=\"widget\" data-widget_type=\"image.default\">\n\t\t\t\t<div class=\"elementor-widget-container\">\n\t\t\t\t\t\t\t\t\t\t\t\t\t\t\t<img decoding=\"async\" width=\"768\" height=\"540\" src=\"https:\/\/www.institutomodernoamericano.edu.mx\/ima\/wp-content\/uploads\/2024\/10\/vinculacion-proyectos-768x540.jpg\" class=\"attachment-medium_large size-medium_large wp-image-278\" alt=\"\" srcset=\"https:\/\/www.institutomodernoamericano.edu.mx\/ima\/wp-content\/uploads\/2024\/10\/vinculacion-proyectos-768x540.jpg 768w, https:\/\/www.institutomodernoamericano.edu.mx\/ima\/wp-content\/uploads\/2024\/10\/vinculacion-proyectos-300x211.jpg 300w, https:\/\/www.institutomodernoamericano.edu.mx\/ima\/wp-content\/uploads\/2024\/10\/vinculacion-proyectos.jpg 884w\" sizes=\"(max-width: 768px) 100vw, 768px\" \/>\t\t\t\t\t\t\t\t\t\t\t\t\t\t\t<\/div>\n\t\t\t\t<\/div>\n\t\t\t\t<\/div>\n\t\t\t\t\t<\/div>\n\t\t\t\t<\/div>\n\t\t\t\t<\/div>\n\t\t","protected":false},"excerpt":{"rendered":"<p>Tecnolog\u00eda e innovaci\u00f3n \u00a0 Nuestro\u00a0centro de c\u00f3mputo\u00a0cuenta con 27 computadoras, cada una de ellas consta de los recursos necesarios para desarrollar las habilidades digitales de nuestros estudiantes. Dependiendo del nivel escolar en el que se encuentra el alumno, realizamos diferentes actividades en el centro de c\u00f3mputo, siguiendo dos rutas educativas principales: Coding para Nivel primaria\u00a0y\u00a0vinculaci\u00f3n [&hellip;]<\/p>\n","protected":false},"author":1,"featured_media":0,"parent":0,"menu_order":0,"comment_status":"closed","ping_status":"closed","template":"elementor_header_footer","meta":{"footnotes":""},"class_list":["post-37","page","type-page","status-publish","hentry"],"_links":{"self":[{"href":"https:\/\/www.institutomodernoamericano.edu.mx\/ima\/index.php\/wp-json\/wp\/v2\/pages\/37","targetHints":{"allow":["GET"]}}],"collection":[{"href":"https:\/\/www.institutomodernoamericano.edu.mx\/ima\/index.php\/wp-json\/wp\/v2\/pages"}],"about":[{"href":"https:\/\/www.institutomodernoamericano.edu.mx\/ima\/index.php\/wp-json\/wp\/v2\/types\/page"}],"author":[{"embeddable":true,"href":"https:\/\/www.institutomodernoamericano.edu.mx\/ima\/index.php\/wp-json\/wp\/v2\/users\/1"}],"replies":[{"embeddable":true,"href":"https:\/\/www.institutomodernoamericano.edu.mx\/ima\/index.php\/wp-json\/wp\/v2\/comments?post=37"}],"version-history":[{"count":0,"href":"https:\/\/www.institutomodernoamericano.edu.mx\/ima\/index.php\/wp-json\/wp\/v2\/pages\/37\/revisions"}],"wp:attachment":[{"href":"https:\/\/www.institutomodernoamericano.edu.mx\/ima\/index.php\/wp-json\/wp\/v2\/media?parent=37"}],"curies":[{"name":"wp","href":"https:\/\/api.w.org\/{rel}","templated":true}]}}