{"id":49,"date":"2024-10-19T22:32:14","date_gmt":"2024-10-19T22:32:14","guid":{"rendered":"https:\/\/www.institutomodernoamericano.edu.mx\/ima\/\/?page_id=49"},"modified":"2026-03-12T17:20:05","modified_gmt":"2026-03-12T17:20:05","slug":"admisiones","status":"publish","type":"page","link":"https:\/\/www.institutomodernoamericano.edu.mx\/ima\/index.php\/admisiones\/","title":{"rendered":"ADMISIONES"},"content":{"rendered":"\t\t<div data-elementor-type=\"wp-page\" data-elementor-id=\"49\" class=\"elementor elementor-49\">\n\t\t\t\t<div class=\"elementor-element elementor-element-a735c20 e-con-full e-flex e-con e-parent\" data-id=\"a735c20\" data-element_type=\"container\" data-e-type=\"container\" data-settings=\"{&quot;background_background&quot;:&quot;classic&quot;}\">\n\t\t\t\t<div class=\"elementor-element elementor-element-51c2a70 elementor-widget elementor-widget-spacer\" data-id=\"51c2a70\" data-element_type=\"widget\" data-e-type=\"widget\" data-widget_type=\"spacer.default\">\n\t\t\t\t<div class=\"elementor-widget-container\">\n\t\t\t\t\t\t\t<div class=\"elementor-spacer\">\n\t\t\t<div class=\"elementor-spacer-inner\"><\/div>\n\t\t<\/div>\n\t\t\t\t\t\t<\/div>\n\t\t\t\t<\/div>\n\t\t\t\t<\/div>\n\t\t<div class=\"elementor-element elementor-element-fd9de4d e-flex e-con-boxed e-con e-parent\" data-id=\"fd9de4d\" data-element_type=\"container\" data-e-type=\"container\">\n\t\t\t\t\t<div class=\"e-con-inner\">\n\t\t<div class=\"elementor-element elementor-element-36f630d e-grid e-con-full e-con e-child\" data-id=\"36f630d\" data-element_type=\"container\" data-e-type=\"container\">\n\t\t\t\t<div class=\"elementor-element elementor-element-641721c elementor-widget elementor-widget-text-editor\" data-id=\"641721c\" data-element_type=\"widget\" data-e-type=\"widget\" data-widget_type=\"text-editor.default\">\n\t\t\t\t<div class=\"elementor-widget-container\">\n\t\t\t\t\t\t\t\t\t<header class=\"pt-5\"><div class=\"container\"><div class=\"row\"><div class=\"col\"><h4 class=\"m-0\">Admisiones<\/h4><\/div><\/div><\/div><\/header><section class=\"py-5\"><div class=\"container\"><div class=\"row\"><div class=\"col\"><p><b>Estimados padres de familia:<\/b><\/p><p>Agradecemos su inter\u00e9s en formar parte de nuestra familia\u00a0<b>ima<\/b>, nuestro departamento de admisiones con gusto lo atender\u00e1 proporcion\u00e1ndole informaci\u00f3n<\/p><p>sobre nuestra oferta educativa, costos y proceso de admisi\u00f3n.<\/p><\/div><\/div><\/div><\/section>\t\t\t\t\t\t\t\t<\/div>\n\t\t\t\t<\/div>\n\t\t\t\t<div class=\"elementor-element elementor-element-a8c9665 elementor-widget elementor-widget-text-editor\" data-id=\"a8c9665\" data-element_type=\"widget\" data-e-type=\"widget\" data-widget_type=\"text-editor.default\">\n\t\t\t\t<div class=\"elementor-widget-container\">\n\t\t\t\t\t\t\t\t\t<p>Los ex\u00e1menes de admisi\u00f3n se programan a partir del mes de\u00a0<b>enero del presente a\u00f1o<\/b> con base en la <u>disponibilidad<\/u>\u00a0en el grado solicitado.<\/p>\t\t\t\t\t\t\t\t<\/div>\n\t\t\t\t<\/div>\n\t\t\t\t<\/div>\n\t\t\t\t\t<\/div>\n\t\t\t\t<\/div>\n\t\t<div class=\"elementor-element elementor-element-7c19eaa e-flex e-con-boxed e-con e-parent\" data-id=\"7c19eaa\" data-element_type=\"container\" data-e-type=\"container\" data-settings=\"{&quot;background_background&quot;:&quot;classic&quot;}\">\n\t\t\t\t\t<div class=\"e-con-inner\">\n\t\t<div class=\"elementor-element elementor-element-eac7710 e-grid e-con-full e-con e-child\" data-id=\"eac7710\" data-element_type=\"container\" data-e-type=\"container\">\n\t\t\t\t<div class=\"elementor-element elementor-element-e679372 elementor-widget elementor-widget-text-editor\" data-id=\"e679372\" data-element_type=\"widget\" data-e-type=\"widget\" data-widget_type=\"text-editor.default\">\n\t\t\t\t<div class=\"elementor-widget-container\">\n\t\t\t\t\t\t\t\t\t<p>Al confirmarse el cupo, favor de presentarse al colegio con la siguiente documentaci\u00f3n:<\/p>\t\t\t\t\t\t\t\t<\/div>\n\t\t\t\t<\/div>\n\t\t<div class=\"elementor-element elementor-element-179014d e-grid e-con-full e-con e-child\" data-id=\"179014d\" data-element_type=\"container\" data-e-type=\"container\">\n\t\t\t\t<div class=\"elementor-element elementor-element-fde9ff3 elementor-widget elementor-widget-text-editor\" data-id=\"fde9ff3\" data-element_type=\"widget\" data-e-type=\"widget\" data-widget_type=\"text-editor.default\">\n\t\t\t\t<div class=\"elementor-widget-container\">\n\t\t\t\t\t\t\t\t\t<p><b>Preescolar:<\/b><\/p><ul><li>Copia del acta de nacimiento<\/li><li>Copia de CURP<\/li><li>Copia de la evaluaci\u00f3n o reporte de desarrollo del ni\u00f1o<\/li><li>Una fotograf\u00eda tama\u00f1o infantil<\/li><li>Llenar la solicitud de inscripci\u00f3n y ficha psicol\u00f3gica<\/li><\/ul>\t\t\t\t\t\t\t\t<\/div>\n\t\t\t\t<\/div>\n\t\t\t\t<div class=\"elementor-element elementor-element-b9e818a elementor-widget elementor-widget-text-editor\" data-id=\"b9e818a\" data-element_type=\"widget\" data-e-type=\"widget\" data-widget_type=\"text-editor.default\">\n\t\t\t\t<div class=\"elementor-widget-container\">\n\t\t\t\t\t\t\t\t\t<p><b>Primaria y secundaria:<\/b><\/p><ul><li>Copia del acta de nacimiento<\/li><li>Copia de CURP<\/li><li>Calificaci\u00f3n actual de espa\u00f1ol<\/li><li>Calificaci\u00f3n de ingl\u00e9s (en caso de proceder de escuela biling\u00fce)<\/li><li>Una fotograf\u00eda tama\u00f1o infantil<\/li><li>Llenar la solicitud de inscripci\u00f3n y ficha psicol\u00f3gica<\/li><\/ul>\t\t\t\t\t\t\t\t<\/div>\n\t\t\t\t<\/div>\n\t\t\t\t<\/div>\n\t\t\t\t<\/div>\n\t\t\t\t\t<\/div>\n\t\t\t\t<\/div>\n\t\t<div class=\"elementor-element elementor-element-44965aa e-flex e-con-boxed e-con e-parent\" data-id=\"44965aa\" data-element_type=\"container\" data-e-type=\"container\">\n\t\t\t\t\t<div class=\"e-con-inner\">\n\t\t<div class=\"elementor-element elementor-element-c8630e8 e-grid e-con-full e-con e-child\" data-id=\"c8630e8\" data-element_type=\"container\" data-e-type=\"container\">\n\t\t\t\t<div class=\"elementor-element elementor-element-4342cd6 elementor-widget elementor-widget-text-editor\" data-id=\"4342cd6\" data-element_type=\"widget\" data-e-type=\"widget\" data-widget_type=\"text-editor.default\">\n\t\t\t\t<div class=\"elementor-widget-container\">\n\t\t\t\t\t\t\t\t\t<h5 class=\"mb-2\">Duraci\u00f3n del examen de admisi\u00f3n:<\/h5><p><b>Preescolar y Preprimaria:<\/b>\u00a0hora y media<\/p><p><b>Kinder I y Kinder II:<\/b>\u00a045 minutos.<\/p><p><b>Primaria y secundaria:<\/b>\u00a0Dos horas<\/p><p>Los resultados se entregar\u00e1n de tres a cinco d\u00edas h\u00e1biles.<\/p><p>A partir de la fecha en que reciban la carta de aceptaci\u00f3n, tendr\u00e1n un plazo de\u00a0<b>cinco d\u00edas h\u00e1biles<\/b>\u00a0para pagar el anticipo de la inscripci\u00f3n y la cuota de la Asociaci\u00f3n de Padres de Familia. Despu\u00e9s de esta fecha\u00a0<u>no se garantiza el lugar para el solicitante<\/u>.<\/p>\t\t\t\t\t\t\t\t<\/div>\n\t\t\t\t<\/div>\n\t\t\t\t<div class=\"elementor-element elementor-element-6f477a5 elementor-widget elementor-widget-text-editor\" data-id=\"6f477a5\" data-element_type=\"widget\" data-e-type=\"widget\" data-widget_type=\"text-editor.default\">\n\t\t\t\t<div class=\"elementor-widget-container\">\n\t\t\t\t\t\t\t\t\t<p><b>Mayores informes:<\/b><\/p><p>Leilani Naredo Mart\u00ednez<br \/><b>Departamento de Relaciones P\u00fablicas<\/b><br \/><a href=\"tel:+529999433140\">(999)943 31 40<\/a> \/ <a href=\"tel:+529999430511\">(999)943 05 11<\/a> ext. 124<\/p><p><a href=\"mailto:lnaredo@cela.edu.mx\">Lnaredo@cela.edu.mx<\/a><\/p>\t\t\t\t\t\t\t\t<\/div>\n\t\t\t\t<\/div>\n\t\t\t\t<\/div>\n\t\t\t\t\t<\/div>\n\t\t\t\t<\/div>\n\t\t\t\t<\/div>\n\t\t","protected":false},"excerpt":{"rendered":"<p>Admisiones Estimados padres de familia: Agradecemos su inter\u00e9s en formar parte de nuestra familia\u00a0ima, nuestro departamento de admisiones con gusto lo atender\u00e1 proporcion\u00e1ndole informaci\u00f3n sobre nuestra oferta educativa, costos y proceso de admisi\u00f3n. Los ex\u00e1menes de admisi\u00f3n se programan a partir del mes de\u00a0enero del presente a\u00f1o con base en la disponibilidad\u00a0en el grado solicitado. [&hellip;]<\/p>\n","protected":false},"author":1,"featured_media":0,"parent":0,"menu_order":0,"comment_status":"closed","ping_status":"closed","template":"elementor_header_footer","meta":{"footnotes":""},"class_list":["post-49","page","type-page","status-publish","hentry"],"_links":{"self":[{"href":"https:\/\/www.institutomodernoamericano.edu.mx\/ima\/index.php\/wp-json\/wp\/v2\/pages\/49","targetHints":{"allow":["GET"]}}],"collection":[{"href":"https:\/\/www.institutomodernoamericano.edu.mx\/ima\/index.php\/wp-json\/wp\/v2\/pages"}],"about":[{"href":"https:\/\/www.institutomodernoamericano.edu.mx\/ima\/index.php\/wp-json\/wp\/v2\/types\/page"}],"author":[{"embeddable":true,"href":"https:\/\/www.institutomodernoamericano.edu.mx\/ima\/index.php\/wp-json\/wp\/v2\/users\/1"}],"replies":[{"embeddable":true,"href":"https:\/\/www.institutomodernoamericano.edu.mx\/ima\/index.php\/wp-json\/wp\/v2\/comments?post=49"}],"version-history":[{"count":0,"href":"https:\/\/www.institutomodernoamericano.edu.mx\/ima\/index.php\/wp-json\/wp\/v2\/pages\/49\/revisions"}],"wp:attachment":[{"href":"https:\/\/www.institutomodernoamericano.edu.mx\/ima\/index.php\/wp-json\/wp\/v2\/media?parent=49"}],"curies":[{"name":"wp","href":"https:\/\/api.w.org\/{rel}","templated":true}]}}