{"id":51,"date":"2024-10-19T22:32:59","date_gmt":"2024-10-19T22:32:59","guid":{"rendered":"https:\/\/www.institutomodernoamericano.edu.mx\/ima\/\/?page_id=51"},"modified":"2025-03-24T15:56:52","modified_gmt":"2025-03-24T15:56:52","slug":"psicopedagogia","status":"publish","type":"page","link":"https:\/\/www.institutomodernoamericano.edu.mx\/ima\/index.php\/psicopedagogia\/","title":{"rendered":"PSICOPEDAGOG\u00cdA"},"content":{"rendered":"\t\t<div data-elementor-type=\"wp-page\" data-elementor-id=\"51\" class=\"elementor elementor-51\">\n\t\t\t\t<div class=\"elementor-element elementor-element-585cf22 e-con-full e-flex e-con e-parent\" data-id=\"585cf22\" data-element_type=\"container\" data-e-type=\"container\" data-settings=\"{&quot;background_background&quot;:&quot;classic&quot;}\">\n\t\t\t\t<div class=\"elementor-element elementor-element-6dbfb50 elementor-widget elementor-widget-spacer\" data-id=\"6dbfb50\" data-element_type=\"widget\" data-e-type=\"widget\" data-widget_type=\"spacer.default\">\n\t\t\t\t<div class=\"elementor-widget-container\">\n\t\t\t\t\t\t\t<div class=\"elementor-spacer\">\n\t\t\t<div class=\"elementor-spacer-inner\"><\/div>\n\t\t<\/div>\n\t\t\t\t\t\t<\/div>\n\t\t\t\t<\/div>\n\t\t\t\t<\/div>\n\t\t<div class=\"elementor-element elementor-element-c38eda0 e-flex e-con-boxed e-con e-parent\" data-id=\"c38eda0\" data-element_type=\"container\" data-e-type=\"container\">\n\t\t\t\t\t<div class=\"e-con-inner\">\n\t\t\t\t<div class=\"elementor-element elementor-element-4411509 elementor-widget elementor-widget-text-editor\" data-id=\"4411509\" data-element_type=\"widget\" data-e-type=\"widget\" data-widget_type=\"text-editor.default\">\n\t\t\t\t<div class=\"elementor-widget-container\">\n\t\t\t\t\t\t\t\t\t<header class=\"pt-5\"><div class=\"container\"><div class=\"row\"><div class=\"col\"><h3 class=\"m-0\">Psicopedagog\u00eda<\/h3><\/div><\/div><\/div><\/header><section class=\"py-5\"><div class=\"container\"><div class=\"row\"><div class=\"col\"><p>El <strong>D<\/strong><b>epartamento de Psicopedagog\u00eda<\/b> en el <strong>IMA<\/strong> tiene como objetivo apoyar, dise\u00f1ar y fomentar programas en colaboraci\u00f3n con las diferentes \u00e1reas del instituto,<br \/>con el fin de fortalecer el proceso ense\u00f1anza-aprendizaje, tanto en contenidos medulares como transversales. Este trabajo incluye a alumnos, docentes, padres<br \/>de familia, personal administrativo y directivos, promoviendo una comunidad educativa alineada y comprometida.<\/p><p>Asimismo, se encarga de detectar y canalizar oportunamente los casos en los que se presenten dificultades de aprendizaje, conductuales o psicoemocionales<br \/>en los alumnos, brindando seguimiento y articulando la intervenci\u00f3n con otros profesionales, padres de familia y docentes, seg\u00fan sea necesario.<\/p><p>Adem\u00e1s, se fomenta en los estudiantes una conducta proactiva y responsable, a trav\u00e9s del cumplimiento del reglamento escolar, el cual se basa en una<br \/>disciplina asertiva, que implica el establecimiento claro de reglas y consecuencias.<\/p><\/div><\/div><\/div><\/section>\t\t\t\t\t\t\t\t<\/div>\n\t\t\t\t<\/div>\n\t\t\t\t\t<\/div>\n\t\t\t\t<\/div>\n\t\t<div class=\"elementor-element elementor-element-2e642a3 e-flex e-con-boxed e-con e-parent\" data-id=\"2e642a3\" data-element_type=\"container\" data-e-type=\"container\" data-settings=\"{&quot;background_background&quot;:&quot;classic&quot;}\">\n\t\t\t\t\t<div class=\"e-con-inner\">\n\t\t\t\t<div class=\"elementor-element elementor-element-47a759e elementor-widget elementor-widget-text-editor\" data-id=\"47a759e\" data-element_type=\"widget\" data-e-type=\"widget\" data-widget_type=\"text-editor.default\">\n\t\t\t\t<div class=\"elementor-widget-container\">\n\t\t\t\t\t\t\t\t\t<p>Promovemos valores universales como <strong>la e<\/strong><b>mpat\u00eda<\/b>, <strong>la t<\/strong><b>olerancia<\/b>, <strong>el r<\/strong><b>espeto<\/b>, <strong>la r<\/strong><b>esponsabilidad<\/b>, <strong>la j<\/strong><b>usticia<\/b>, <strong>la h<\/strong><b>onestidad<\/b>, <strong>la a<\/strong><b>mabilidad<\/b>, <strong>la<\/strong> <strong>g<\/strong><b>enerosidad<\/b>, <strong>el<\/strong> <strong>deportivismo,<\/strong>\u00a0 <strong>la<\/strong> <strong>p<\/strong><b>erseverancia<\/b> y <strong>la<\/strong> <strong>e<\/strong><b>xcelencia. <\/b>Estos valores favorecen una sana convivencia entre estudiantes, maestros y directivos, dentro de un ambiente de celebraci\u00f3n en el que se reconoce y valora el esfuerzo de quienes los practican.<\/p>\t\t\t\t\t\t\t\t<\/div>\n\t\t\t\t<\/div>\n\t\t\t\t\t<\/div>\n\t\t\t\t<\/div>\n\t\t<div class=\"elementor-element elementor-element-70e95d2 e-flex e-con-boxed e-con e-parent\" data-id=\"70e95d2\" data-element_type=\"container\" data-e-type=\"container\">\n\t\t\t\t\t<div class=\"e-con-inner\">\n\t\t<div class=\"elementor-element elementor-element-ea1096d e-grid e-con-full e-con e-child\" data-id=\"ea1096d\" data-element_type=\"container\" data-e-type=\"container\">\n\t\t\t\t<div class=\"elementor-element elementor-element-f3e6a3d elementor-widget elementor-widget-text-editor\" data-id=\"f3e6a3d\" data-element_type=\"widget\" data-e-type=\"widget\" data-widget_type=\"text-editor.default\">\n\t\t\t\t<div class=\"elementor-widget-container\">\n\t\t\t\t\t\t\t\t\t<h4 style=\"text-align: center;\">Somos cuatro psic\u00f3logos:<\/h4>\t\t\t\t\t\t\t\t<\/div>\n\t\t\t\t<\/div>\n\t\t<div class=\"elementor-element elementor-element-3e7cae4 e-grid e-con-full e-con e-child\" data-id=\"3e7cae4\" data-element_type=\"container\" data-e-type=\"container\">\n\t\t\t\t<div class=\"elementor-element elementor-element-3b4713e elementor-widget elementor-widget-text-editor\" data-id=\"3b4713e\" data-element_type=\"widget\" data-e-type=\"widget\" data-widget_type=\"text-editor.default\">\n\t\t\t\t<div class=\"elementor-widget-container\">\n\t\t\t\t\t\t\t\t\t<div class=\"col-6 col-sm-3 mb-4 mb-sm-0\"><strong>Adriana Chimal Cer\u00f3n<\/strong><\/div><div class=\"col-6 col-sm-3 mb-4 mb-sm-0\">Preescolar<\/div>\t\t\t\t\t\t\t\t<\/div>\n\t\t\t\t<\/div>\n\t\t\t\t<div class=\"elementor-element elementor-element-0ae97e1 elementor-widget elementor-widget-text-editor\" data-id=\"0ae97e1\" data-element_type=\"widget\" data-e-type=\"widget\" data-widget_type=\"text-editor.default\">\n\t\t\t\t<div class=\"elementor-widget-container\">\n\t\t\t\t\t\t\t\t\t<div class=\"col-6 col-sm-3 mb-4 mb-sm-0\"><strong>Vania Suarez Pool<\/strong><\/div><div class=\"col-6 col-sm-3 mb-4 mb-sm-0\">1\u00ba a 3\u00ba de primaria<\/div>\t\t\t\t\t\t\t\t<\/div>\n\t\t\t\t<\/div>\n\t\t\t\t<div class=\"elementor-element elementor-element-7df06a9 elementor-widget elementor-widget-text-editor\" data-id=\"7df06a9\" data-element_type=\"widget\" data-e-type=\"widget\" data-widget_type=\"text-editor.default\">\n\t\t\t\t<div class=\"elementor-widget-container\">\n\t\t\t\t\t\t\t\t\t<div class=\"col-6 col-sm-3\"><strong>Mariana Reyes Alam<\/strong><\/div><div class=\"col-6 col-sm-3\">4\u00ba a 6\u00ba de primaria<\/div>\t\t\t\t\t\t\t\t<\/div>\n\t\t\t\t<\/div>\n\t\t\t\t<div class=\"elementor-element elementor-element-2800aac elementor-widget elementor-widget-text-editor\" data-id=\"2800aac\" data-element_type=\"widget\" data-e-type=\"widget\" data-widget_type=\"text-editor.default\">\n\t\t\t\t<div class=\"elementor-widget-container\">\n\t\t\t\t\t\t\t\t\t<div class=\"row mb-4\"><div class=\"col-6 col-sm-3\"><strong>Mar\u00eda del Carmen Gutierrez Gonz\u00e1lez<\/strong><\/div><div class=\"col-6 col-sm-3\">(secundaria)<\/div><\/div>\t\t\t\t\t\t\t\t<\/div>\n\t\t\t\t<\/div>\n\t\t\t\t<\/div>\n\t\t\t\t<div class=\"elementor-element elementor-element-4112b99 elementor-widget elementor-widget-text-editor\" data-id=\"4112b99\" data-element_type=\"widget\" data-e-type=\"widget\" data-widget_type=\"text-editor.default\">\n\t\t\t\t<div class=\"elementor-widget-container\">\n\t\t\t\t\t\t\t\t\t<section class=\"py-5\"><div class=\"container\"><div class=\"row\"><div class=\"col\"><p>Implementamos la curr\u00edcula de prevenci\u00f3n de violencia y acoso escolar\u00a0<b>SECOND STEP<\/b>, a trav\u00e9s de la ense\u00f1anza de habilidades sociales.<\/p><\/div><\/div><\/div><\/section>\t\t\t\t\t\t\t\t<\/div>\n\t\t\t\t<\/div>\n\t\t\t\t<\/div>\n\t\t\t\t\t<\/div>\n\t\t\t\t<\/div>\n\t\t<div class=\"elementor-element elementor-element-4d21d1e e-flex e-con-boxed e-con e-parent\" data-id=\"4d21d1e\" data-element_type=\"container\" data-e-type=\"container\" data-settings=\"{&quot;background_background&quot;:&quot;classic&quot;}\">\n\t\t\t\t\t<div class=\"e-con-inner\">\n\t\t<div class=\"elementor-element elementor-element-3f89aab e-grid e-con-full e-con e-child\" data-id=\"3f89aab\" data-element_type=\"container\" data-e-type=\"container\">\n\t\t\t\t<div class=\"elementor-element elementor-element-601ef6f elementor-widget elementor-widget-text-editor\" data-id=\"601ef6f\" data-element_type=\"widget\" data-e-type=\"widget\" data-widget_type=\"text-editor.default\">\n\t\t\t\t<div class=\"elementor-widget-container\">\n\t\t\t\t\t\t\t\t\t<p>Promovemos las siguientes actividades en la escuela:<\/p>\t\t\t\t\t\t\t\t<\/div>\n\t\t\t\t<\/div>\n\t\t<div class=\"elementor-element elementor-element-5a2de94 e-grid e-con-full e-con e-child\" data-id=\"5a2de94\" data-element_type=\"container\" data-e-type=\"container\">\n\t\t\t\t<div class=\"elementor-element elementor-element-1346bad elementor-widget elementor-widget-text-editor\" data-id=\"1346bad\" data-element_type=\"widget\" data-e-type=\"widget\" data-widget_type=\"text-editor.default\">\n\t\t\t\t<div class=\"elementor-widget-container\">\n\t\t\t\t\t\t\t\t\t<p><b>Asamblea de Celebraci\u00f3n<\/b>:<\/p><p>Pensada para motivar, celebrar y reconocer la pr\u00e1ctica de nuestros valores, tanto en alumnos como en profesores.<\/p>\t\t\t\t\t\t\t\t<\/div>\n\t\t\t\t<\/div>\n\t\t\t\t<div class=\"elementor-element elementor-element-60f4610 elementor-widget elementor-widget-text-editor\" data-id=\"60f4610\" data-element_type=\"widget\" data-e-type=\"widget\" data-widget_type=\"text-editor.default\">\n\t\t\t\t<div class=\"elementor-widget-container\">\n\t\t\t\t\t\t\t\t\t<p><b>Granito de Arena<\/b>:<\/p><p>Actividades coordinadas por estudiantes de Secundaria y que implica ayuda a la comunidad, en las que se involucra a toda la escuela.<\/p>\t\t\t\t\t\t\t\t<\/div>\n\t\t\t\t<\/div>\n\t\t\t\t<div class=\"elementor-element elementor-element-7c8351d elementor-widget elementor-widget-text-editor\" data-id=\"7c8351d\" data-element_type=\"widget\" data-e-type=\"widget\" data-widget_type=\"text-editor.default\">\n\t\t\t\t<div class=\"elementor-widget-container\">\n\t\t\t\t\t\t\t\t\t<p><b>Rally Celebrate Life<\/b>:<\/p><p>Convivencia entre alumnos de diferentes grados, en los que se promueve el liderazgo e integraci\u00f3n.<\/p>\t\t\t\t\t\t\t\t<\/div>\n\t\t\t\t<\/div>\n\t\t\t\t<div class=\"elementor-element elementor-element-b2b66e9 elementor-widget elementor-widget-text-editor\" data-id=\"b2b66e9\" data-element_type=\"widget\" data-e-type=\"widget\" data-widget_type=\"text-editor.default\">\n\t\t\t\t<div class=\"elementor-widget-container\">\n\t\t\t\t\t\t\t\t\t<p><b>Mes contra el bullying<\/b>:<\/p><p>En todos los niveles se organizan diferentes actividades en las que reforzamos nuestro compromiso para mantener a nuestra escuela como un lugar en el que todos y todas se sientan seguros y respetados.<\/p>\t\t\t\t\t\t\t\t<\/div>\n\t\t\t\t<\/div>\n\t\t\t\t<div class=\"elementor-element elementor-element-466793d elementor-widget elementor-widget-text-editor\" data-id=\"466793d\" data-element_type=\"widget\" data-e-type=\"widget\" data-widget_type=\"text-editor.default\">\n\t\t\t\t<div class=\"elementor-widget-container\">\n\t\t\t\t\t\t\t\t\t<p><b>Mes de la educaci\u00f3n sexual<\/b>:<\/p><p>En la que se realizan pl\u00e1ticas para alumnos (de acuerdo a su edad) y para padres de familia.<\/p>\t\t\t\t\t\t\t\t<\/div>\n\t\t\t\t<\/div>\n\t\t\t\t<div class=\"elementor-element elementor-element-202c8c6 elementor-widget elementor-widget-text-editor\" data-id=\"202c8c6\" data-element_type=\"widget\" data-e-type=\"widget\" data-widget_type=\"text-editor.default\">\n\t\t\t\t<div class=\"elementor-widget-container\">\n\t\t\t\t\t\t\t\t\t<p><b>Escuela para padres y madres<\/b>:<\/p><p>Se realiza una sesi\u00f3n al mes con un tema espec\u00edfico, con la finalidad de orientar y ofrecer herramientas para los padres en su labor de crianza.<\/p>\t\t\t\t\t\t\t\t<\/div>\n\t\t\t\t<\/div>\n\t\t\t\t<\/div>\n\t\t\t\t<\/div>\n\t\t\t\t\t<\/div>\n\t\t\t\t<\/div>\n\t\t\t\t<\/div>\n\t\t","protected":false},"excerpt":{"rendered":"<p>Psicopedagog\u00eda El Departamento de Psicopedagog\u00eda en el IMA tiene como objetivo apoyar, dise\u00f1ar y fomentar programas en colaboraci\u00f3n con las diferentes \u00e1reas del instituto,con el fin de fortalecer el proceso ense\u00f1anza-aprendizaje, tanto en contenidos medulares como transversales. Este trabajo incluye a alumnos, docentes, padresde familia, personal administrativo y directivos, promoviendo una comunidad educativa alineada y [&hellip;]<\/p>\n","protected":false},"author":1,"featured_media":0,"parent":0,"menu_order":0,"comment_status":"closed","ping_status":"closed","template":"elementor_header_footer","meta":{"footnotes":""},"class_list":["post-51","page","type-page","status-publish","hentry"],"_links":{"self":[{"href":"https:\/\/www.institutomodernoamericano.edu.mx\/ima\/index.php\/wp-json\/wp\/v2\/pages\/51","targetHints":{"allow":["GET"]}}],"collection":[{"href":"https:\/\/www.institutomodernoamericano.edu.mx\/ima\/index.php\/wp-json\/wp\/v2\/pages"}],"about":[{"href":"https:\/\/www.institutomodernoamericano.edu.mx\/ima\/index.php\/wp-json\/wp\/v2\/types\/page"}],"author":[{"embeddable":true,"href":"https:\/\/www.institutomodernoamericano.edu.mx\/ima\/index.php\/wp-json\/wp\/v2\/users\/1"}],"replies":[{"embeddable":true,"href":"https:\/\/www.institutomodernoamericano.edu.mx\/ima\/index.php\/wp-json\/wp\/v2\/comments?post=51"}],"version-history":[{"count":0,"href":"https:\/\/www.institutomodernoamericano.edu.mx\/ima\/index.php\/wp-json\/wp\/v2\/pages\/51\/revisions"}],"wp:attachment":[{"href":"https:\/\/www.institutomodernoamericano.edu.mx\/ima\/index.php\/wp-json\/wp\/v2\/media?parent=51"}],"curies":[{"name":"wp","href":"https:\/\/api.w.org\/{rel}","templated":true}]}}