{"id":53,"date":"2024-10-19T22:34:29","date_gmt":"2024-10-19T22:34:29","guid":{"rendered":"https:\/\/www.institutomodernoamericano.edu.mx\/ima\/\/?page_id=53"},"modified":"2025-03-24T16:23:57","modified_gmt":"2025-03-24T16:23:57","slug":"valores-ima","status":"publish","type":"page","link":"https:\/\/www.institutomodernoamericano.edu.mx\/ima\/index.php\/valores-ima\/","title":{"rendered":"Valores ima"},"content":{"rendered":"\t\t<div data-elementor-type=\"wp-page\" data-elementor-id=\"53\" class=\"elementor elementor-53\">\n\t\t\t\t<div class=\"elementor-element elementor-element-e71d0ba e-con-full e-flex e-con e-parent\" data-id=\"e71d0ba\" data-element_type=\"container\" data-e-type=\"container\" data-settings=\"{&quot;background_background&quot;:&quot;classic&quot;}\">\n\t\t\t\t<div class=\"elementor-element elementor-element-6524eed elementor-widget elementor-widget-spacer\" data-id=\"6524eed\" data-element_type=\"widget\" data-e-type=\"widget\" data-widget_type=\"spacer.default\">\n\t\t\t\t<div class=\"elementor-widget-container\">\n\t\t\t\t\t\t\t<div class=\"elementor-spacer\">\n\t\t\t<div class=\"elementor-spacer-inner\"><\/div>\n\t\t<\/div>\n\t\t\t\t\t\t<\/div>\n\t\t\t\t<\/div>\n\t\t\t\t<\/div>\n\t\t<div class=\"elementor-element elementor-element-d0fbe0f e-flex e-con-boxed e-con e-parent\" data-id=\"d0fbe0f\" data-element_type=\"container\" data-e-type=\"container\">\n\t\t\t\t\t<div class=\"e-con-inner\">\n\t\t\t\t<div class=\"elementor-element elementor-element-5ea2304 elementor-widget elementor-widget-text-editor\" data-id=\"5ea2304\" data-element_type=\"widget\" data-e-type=\"widget\" data-widget_type=\"text-editor.default\">\n\t\t\t\t<div class=\"elementor-widget-container\">\n\t\t\t\t\t\t\t\t\t<header class=\"pt-5\"><div class=\"container\"><div class=\"row\"><div class=\"col\"><h4 class=\"m-0\">Valores ima<\/h4><\/div><\/div><\/div><\/header><section class=\"py-5\"><div class=\"container\"><div class=\"row\"><div class=\"col\"><p>En el IMA fomentamos conductas proactivas a trav\u00e9s de la promoci\u00f3n de nuestros valores, los cuales impulsamos de manera vivencial e<br \/>independientemente de los resultados acad\u00e9micos de nuestros estudiantes. Esto lo logramos a trav\u00e9s de retos o motivadores, y en un ambiente de <br \/>celebraci\u00f3n. Con esto, buscamos que las y los estudiantes sean j\u00f3venes m\u00e1s seguros y conscientes de sus acciones, as\u00ed como de la manera en que se <br \/>relacionan con sus compa\u00f1eros y compa\u00f1eras.<\/p><\/div><\/div><\/div><\/section>\t\t\t\t\t\t\t\t<\/div>\n\t\t\t\t<\/div>\n\t\t\t\t\t<\/div>\n\t\t\t\t<\/div>\n\t\t<div class=\"elementor-element elementor-element-2b3fece e-flex e-con-boxed e-con e-parent\" data-id=\"2b3fece\" data-element_type=\"container\" data-e-type=\"container\" data-settings=\"{&quot;background_background&quot;:&quot;classic&quot;}\">\n\t\t\t\t\t<div class=\"e-con-inner\">\n\t\t<div class=\"elementor-element elementor-element-b1865f3 e-grid e-con-full e-con e-child\" data-id=\"b1865f3\" data-element_type=\"container\" data-e-type=\"container\">\n\t\t\t\t<div class=\"elementor-element elementor-element-a413b88 elementor-widget elementor-widget-text-editor\" data-id=\"a413b88\" data-element_type=\"widget\" data-e-type=\"widget\" data-widget_type=\"text-editor.default\">\n\t\t\t\t<div class=\"elementor-widget-container\">\n\t\t\t\t\t\t\t\t\t<h4>Celebramos los valores<\/h4><p>Cada mes llevamos a cabo una asamblea especial en la que reconocemos el compromiso y esfuerzo de los alumnos al practicar los <strong>11 valores fundamentales<\/strong> del IMA. Es un momento para destacar aquellas actitudes que construyen una mejor convivencia y fortalecen nuestra comunidad educativa.<\/p>\t\t\t\t\t\t\t\t<\/div>\n\t\t\t\t<\/div>\n\t\t\t\t<div class=\"elementor-element elementor-element-e86e0c1 elementor-arrows-position-inside elementor-pagination-position-outside elementor-widget elementor-widget-image-carousel\" data-id=\"e86e0c1\" data-element_type=\"widget\" data-e-type=\"widget\" data-settings=\"{&quot;navigation&quot;:&quot;both&quot;,&quot;autoplay&quot;:&quot;yes&quot;,&quot;pause_on_hover&quot;:&quot;yes&quot;,&quot;pause_on_interaction&quot;:&quot;yes&quot;,&quot;autoplay_speed&quot;:5000,&quot;infinite&quot;:&quot;yes&quot;,&quot;speed&quot;:500}\" data-widget_type=\"image-carousel.default\">\n\t\t\t\t<div class=\"elementor-widget-container\">\n\t\t\t\t\t\t\t<div class=\"elementor-image-carousel-wrapper swiper\" role=\"region\" aria-roledescription=\"carousel\" aria-label=\"Image Carousel\" dir=\"ltr\">\n\t\t\t<div class=\"elementor-image-carousel swiper-wrapper\" aria-live=\"off\">\n\t\t\t\t\t\t\t\t<div class=\"swiper-slide\" role=\"group\" aria-roledescription=\"slide\" aria-label=\"1 of 11\"><figure class=\"swiper-slide-inner\"><img decoding=\"async\" class=\"swiper-slide-image\" src=\"https:\/\/www.institutomodernoamericano.edu.mx\/ima\/wp-content\/uploads\/2025\/02\/3.jpg\" alt=\"VALORES IMA 2024 - 3\" \/><\/figure><\/div><div class=\"swiper-slide\" role=\"group\" aria-roledescription=\"slide\" aria-label=\"2 of 11\"><figure class=\"swiper-slide-inner\"><img decoding=\"async\" class=\"swiper-slide-image\" src=\"https:\/\/www.institutomodernoamericano.edu.mx\/ima\/wp-content\/uploads\/2025\/02\/2.jpg\" alt=\"VALORES IMA 2024 - 2\" \/><\/figure><\/div><div class=\"swiper-slide\" role=\"group\" aria-roledescription=\"slide\" aria-label=\"3 of 11\"><figure class=\"swiper-slide-inner\"><img decoding=\"async\" class=\"swiper-slide-image\" src=\"https:\/\/www.institutomodernoamericano.edu.mx\/ima\/wp-content\/uploads\/2025\/02\/9.jpg\" alt=\"VALORES IMA 2024 - 9\" \/><\/figure><\/div><div class=\"swiper-slide\" role=\"group\" aria-roledescription=\"slide\" aria-label=\"4 of 11\"><figure class=\"swiper-slide-inner\"><img decoding=\"async\" class=\"swiper-slide-image\" src=\"https:\/\/www.institutomodernoamericano.edu.mx\/ima\/wp-content\/uploads\/2025\/02\/8.jpg\" alt=\"VALORES IMA 2024 - 8\" \/><\/figure><\/div><div class=\"swiper-slide\" role=\"group\" aria-roledescription=\"slide\" aria-label=\"5 of 11\"><figure class=\"swiper-slide-inner\"><img decoding=\"async\" class=\"swiper-slide-image\" src=\"https:\/\/www.institutomodernoamericano.edu.mx\/ima\/wp-content\/uploads\/2025\/02\/4.jpg\" alt=\"VALORES IMA 2024 - 4\" \/><\/figure><\/div><div class=\"swiper-slide\" role=\"group\" aria-roledescription=\"slide\" aria-label=\"6 of 11\"><figure class=\"swiper-slide-inner\"><img decoding=\"async\" class=\"swiper-slide-image\" src=\"https:\/\/www.institutomodernoamericano.edu.mx\/ima\/wp-content\/uploads\/2025\/02\/1.jpg\" alt=\"VALORES IMA 2024 - 1\" \/><\/figure><\/div><div class=\"swiper-slide\" role=\"group\" aria-roledescription=\"slide\" aria-label=\"7 of 11\"><figure class=\"swiper-slide-inner\"><img decoding=\"async\" class=\"swiper-slide-image\" src=\"https:\/\/www.institutomodernoamericano.edu.mx\/ima\/wp-content\/uploads\/2025\/02\/10.jpg\" alt=\"VALORES IMA 2024 - 10\" \/><\/figure><\/div><div class=\"swiper-slide\" role=\"group\" aria-roledescription=\"slide\" aria-label=\"8 of 11\"><figure class=\"swiper-slide-inner\"><img decoding=\"async\" class=\"swiper-slide-image\" src=\"https:\/\/www.institutomodernoamericano.edu.mx\/ima\/wp-content\/uploads\/2025\/02\/6.jpg\" alt=\"VALORES IMA 2024 - 6\" \/><\/figure><\/div><div class=\"swiper-slide\" role=\"group\" aria-roledescription=\"slide\" aria-label=\"9 of 11\"><figure class=\"swiper-slide-inner\"><img decoding=\"async\" class=\"swiper-slide-image\" src=\"https:\/\/www.institutomodernoamericano.edu.mx\/ima\/wp-content\/uploads\/2025\/02\/7.jpg\" alt=\"VALORES IMA 2024 - 7\" \/><\/figure><\/div><div class=\"swiper-slide\" role=\"group\" aria-roledescription=\"slide\" aria-label=\"10 of 11\"><figure class=\"swiper-slide-inner\"><img decoding=\"async\" class=\"swiper-slide-image\" src=\"https:\/\/www.institutomodernoamericano.edu.mx\/ima\/wp-content\/uploads\/2025\/02\/5.jpg\" alt=\"VALORES IMA 2024 - 5\" \/><\/figure><\/div><div class=\"swiper-slide\" role=\"group\" aria-roledescription=\"slide\" aria-label=\"11 of 11\"><figure class=\"swiper-slide-inner\"><img decoding=\"async\" class=\"swiper-slide-image\" src=\"https:\/\/www.institutomodernoamericano.edu.mx\/ima\/wp-content\/uploads\/2025\/02\/11-1.jpg\" alt=\"VALORES IMA 2024 - 11\" \/><\/figure><\/div>\t\t\t<\/div>\n\t\t\t\t\t\t\t\t\t\t\t\t<div class=\"elementor-swiper-button elementor-swiper-button-prev\" role=\"button\" tabindex=\"0\">\n\t\t\t\t\t\t<svg aria-hidden=\"true\" class=\"e-font-icon-svg e-eicon-chevron-left\" viewBox=\"0 0 1000 1000\" xmlns=\"http:\/\/www.w3.org\/2000\/svg\"><path d=\"M646 125C629 125 613 133 604 142L308 442C296 454 292 471 292 487 292 504 296 521 308 533L604 854C617 867 629 875 646 875 663 875 679 871 692 858 704 846 713 829 713 812 713 796 708 779 692 767L438 487 692 225C700 217 708 204 708 187 708 171 704 154 692 142 675 129 663 125 646 125Z\"><\/path><\/svg>\t\t\t\t\t<\/div>\n\t\t\t\t\t<div class=\"elementor-swiper-button elementor-swiper-button-next\" role=\"button\" tabindex=\"0\">\n\t\t\t\t\t\t<svg aria-hidden=\"true\" class=\"e-font-icon-svg e-eicon-chevron-right\" viewBox=\"0 0 1000 1000\" xmlns=\"http:\/\/www.w3.org\/2000\/svg\"><path d=\"M696 533C708 521 713 504 713 487 713 471 708 454 696 446L400 146C388 133 375 125 354 125 338 125 325 129 313 142 300 154 292 171 292 187 292 204 296 221 308 233L563 492 304 771C292 783 288 800 288 817 288 833 296 850 308 863 321 871 338 875 354 875 371 875 388 867 400 854L696 533Z\"><\/path><\/svg>\t\t\t\t\t<\/div>\n\t\t\t\t\n\t\t\t\t\t\t\t\t\t<div class=\"swiper-pagination\"><\/div>\n\t\t\t\t\t\t\t\t\t<\/div>\n\t\t\t\t\t\t<\/div>\n\t\t\t\t<\/div>\n\t\t\t\t<\/div>\n\t\t\t\t\t<\/div>\n\t\t\t\t<\/div>\n\t\t<div class=\"elementor-element elementor-element-40fca0e e-flex e-con-boxed e-con e-parent\" data-id=\"40fca0e\" data-element_type=\"container\" data-e-type=\"container\">\n\t\t\t\t\t<div class=\"e-con-inner\">\n\t\t\t\t<div class=\"elementor-element elementor-element-b190142 elementor-widget elementor-widget-text-editor\" data-id=\"b190142\" data-element_type=\"widget\" data-e-type=\"widget\" data-widget_type=\"text-editor.default\">\n\t\t\t\t<div class=\"elementor-widget-container\">\n\t\t\t\t\t\t\t\t\t<h4>Asamblea de celebraci\u00f3n<\/h4><p>Una vez al mes, nos reunimos como comunidad para celebrar que vivimos los valores que nos definen. En un ambiente alegre y participativo, se reconoce p\u00fablicamente a los alumnos que han demostrado alguno de estos valores, entreg\u00e1ndoles una pulsera simb\u00f3lica que representa su esfuerzo y ejemplo para los dem\u00e1s.<\/p>\t\t\t\t\t\t\t\t<\/div>\n\t\t\t\t<\/div>\n\t\t\t\t\t<\/div>\n\t\t\t\t<\/div>\n\t\t\t\t<\/div>\n\t\t","protected":false},"excerpt":{"rendered":"<p>Valores ima En el IMA fomentamos conductas proactivas a trav\u00e9s de la promoci\u00f3n de nuestros valores, los cuales impulsamos de manera vivencial eindependientemente de los resultados acad\u00e9micos de nuestros estudiantes. Esto lo logramos a trav\u00e9s de retos o motivadores, y en un ambiente de celebraci\u00f3n. Con esto, buscamos que las y los estudiantes sean j\u00f3venes [&hellip;]<\/p>\n","protected":false},"author":1,"featured_media":0,"parent":0,"menu_order":0,"comment_status":"closed","ping_status":"closed","template":"elementor_header_footer","meta":{"footnotes":""},"class_list":["post-53","page","type-page","status-publish","hentry"],"_links":{"self":[{"href":"https:\/\/www.institutomodernoamericano.edu.mx\/ima\/index.php\/wp-json\/wp\/v2\/pages\/53","targetHints":{"allow":["GET"]}}],"collection":[{"href":"https:\/\/www.institutomodernoamericano.edu.mx\/ima\/index.php\/wp-json\/wp\/v2\/pages"}],"about":[{"href":"https:\/\/www.institutomodernoamericano.edu.mx\/ima\/index.php\/wp-json\/wp\/v2\/types\/page"}],"author":[{"embeddable":true,"href":"https:\/\/www.institutomodernoamericano.edu.mx\/ima\/index.php\/wp-json\/wp\/v2\/users\/1"}],"replies":[{"embeddable":true,"href":"https:\/\/www.institutomodernoamericano.edu.mx\/ima\/index.php\/wp-json\/wp\/v2\/comments?post=53"}],"version-history":[{"count":0,"href":"https:\/\/www.institutomodernoamericano.edu.mx\/ima\/index.php\/wp-json\/wp\/v2\/pages\/53\/revisions"}],"wp:attachment":[{"href":"https:\/\/www.institutomodernoamericano.edu.mx\/ima\/index.php\/wp-json\/wp\/v2\/media?parent=53"}],"curies":[{"name":"wp","href":"https:\/\/api.w.org\/{rel}","templated":true}]}}