{"id":57,"date":"2024-10-19T22:37:23","date_gmt":"2024-10-19T22:37:23","guid":{"rendered":"https:\/\/www.institutomodernoamericano.edu.mx\/ima\/\/?page_id=57"},"modified":"2025-03-31T20:08:55","modified_gmt":"2025-03-31T20:08:55","slug":"mindfulness","status":"publish","type":"page","link":"https:\/\/www.institutomodernoamericano.edu.mx\/ima\/index.php\/mindfulness\/","title":{"rendered":"Mindfulness"},"content":{"rendered":"\t\t<div data-elementor-type=\"wp-page\" data-elementor-id=\"57\" class=\"elementor elementor-57\">\n\t\t\t\t<div class=\"elementor-element elementor-element-4e2986a e-con-full e-flex e-con e-parent\" data-id=\"4e2986a\" data-element_type=\"container\" data-e-type=\"container\" data-settings=\"{&quot;background_background&quot;:&quot;classic&quot;}\">\n\t\t\t\t<div class=\"elementor-element elementor-element-3dad1d4 elementor-widget elementor-widget-spacer\" data-id=\"3dad1d4\" data-element_type=\"widget\" data-e-type=\"widget\" data-widget_type=\"spacer.default\">\n\t\t\t\t<div class=\"elementor-widget-container\">\n\t\t\t\t\t\t\t<div class=\"elementor-spacer\">\n\t\t\t<div class=\"elementor-spacer-inner\"><\/div>\n\t\t<\/div>\n\t\t\t\t\t\t<\/div>\n\t\t\t\t<\/div>\n\t\t\t\t<\/div>\n\t\t<div class=\"elementor-element elementor-element-fb39dfc e-flex e-con-boxed e-con e-parent\" data-id=\"fb39dfc\" data-element_type=\"container\" data-e-type=\"container\">\n\t\t\t\t\t<div class=\"e-con-inner\">\n\t\t\t\t<div class=\"elementor-element elementor-element-78730e0 elementor-widget elementor-widget-text-editor\" data-id=\"78730e0\" data-element_type=\"widget\" data-e-type=\"widget\" data-widget_type=\"text-editor.default\">\n\t\t\t\t<div class=\"elementor-widget-container\">\n\t\t\t\t\t\t\t\t\t<header class=\"pt-5\"><div class=\"container\"><div class=\"row\"><div class=\"col\"><h3 class=\"m-0\">Mindfulness<\/h3><\/div><\/div><\/div><\/header>\t\t\t\t\t\t\t\t<\/div>\n\t\t\t\t<\/div>\n\t\t\t\t\t<\/div>\n\t\t\t\t<\/div>\n\t\t<div class=\"elementor-element elementor-element-c5ac658 e-flex e-con-boxed e-con e-parent\" data-id=\"c5ac658\" data-element_type=\"container\" data-e-type=\"container\">\n\t\t\t\t\t<div class=\"e-con-inner\">\n\t\t\t\t<div class=\"elementor-element elementor-element-ba020c9 elementor-widget elementor-widget-text-editor\" data-id=\"ba020c9\" data-element_type=\"widget\" data-e-type=\"widget\" data-widget_type=\"text-editor.default\">\n\t\t\t\t<div class=\"elementor-widget-container\">\n\t\t\t\t\t\t\t\t\t<div class=\"row\"><div class=\"col pb-4\"><p>Nos preocupamos por el\u00a0<b>ser<\/b>\u00a0de nuestro alumno, es por eso que implementamos el programa\u00a0<b>MINDFULNESS<\/b>, una pr\u00e1ctica respaldada por la neurociencia que a trav\u00e9s de la respiraci\u00f3n te permite centrar la mente en el momento presente, por lo que favorece el desarrollo y un mejor control de la atenci\u00f3n, una mejor regulaci\u00f3n emocional y autoconocimiento.<\/p><\/div><\/div>\t\t\t\t\t\t\t\t<\/div>\n\t\t\t\t<\/div>\n\t\t\t\t\t<\/div>\n\t\t\t\t<\/div>\n\t\t<div class=\"elementor-element elementor-element-511abd8 e-grid e-con-boxed e-con e-parent\" data-id=\"511abd8\" data-element_type=\"container\" data-e-type=\"container\">\n\t\t\t\t\t<div class=\"e-con-inner\">\n\t\t\t\t<div class=\"elementor-element elementor-element-272f2e7 elementor-widget elementor-widget-image\" data-id=\"272f2e7\" data-element_type=\"widget\" data-e-type=\"widget\" data-widget_type=\"image.default\">\n\t\t\t\t<div class=\"elementor-widget-container\">\n\t\t\t\t\t\t\t\t\t\t\t\t\t\t\t<img fetchpriority=\"high\" decoding=\"async\" width=\"800\" height=\"800\" src=\"https:\/\/www.institutomodernoamericano.edu.mx\/ima\/wp-content\/uploads\/2025\/03\/mindfulness2024_P1patrones__7.jpg\" class=\"attachment-large size-large wp-image-1180\" alt=\"\" srcset=\"https:\/\/www.institutomodernoamericano.edu.mx\/ima\/wp-content\/uploads\/2025\/03\/mindfulness2024_P1patrones__7.jpg 800w, https:\/\/www.institutomodernoamericano.edu.mx\/ima\/wp-content\/uploads\/2025\/03\/mindfulness2024_P1patrones__7-300x300.jpg 300w, https:\/\/www.institutomodernoamericano.edu.mx\/ima\/wp-content\/uploads\/2025\/03\/mindfulness2024_P1patrones__7-150x150.jpg 150w, https:\/\/www.institutomodernoamericano.edu.mx\/ima\/wp-content\/uploads\/2025\/03\/mindfulness2024_P1patrones__7-768x768.jpg 768w\" sizes=\"(max-width: 800px) 100vw, 800px\" \/>\t\t\t\t\t\t\t\t\t\t\t\t\t\t\t<\/div>\n\t\t\t\t<\/div>\n\t\t\t\t<div class=\"elementor-element elementor-element-8f1d8a3 elementor-widget elementor-widget-image\" data-id=\"8f1d8a3\" data-element_type=\"widget\" data-e-type=\"widget\" data-widget_type=\"image.default\">\n\t\t\t\t<div class=\"elementor-widget-container\">\n\t\t\t\t\t\t\t\t\t\t\t\t\t\t\t<img decoding=\"async\" width=\"831\" height=\"831\" src=\"https:\/\/www.institutomodernoamericano.edu.mx\/ima\/wp-content\/uploads\/2025\/01\/mindfulness2024_P1patrones__6-2.jpg\" class=\"attachment-large size-large wp-image-820\" alt=\"\" srcset=\"https:\/\/www.institutomodernoamericano.edu.mx\/ima\/wp-content\/uploads\/2025\/01\/mindfulness2024_P1patrones__6-2.jpg 831w, https:\/\/www.institutomodernoamericano.edu.mx\/ima\/wp-content\/uploads\/2025\/01\/mindfulness2024_P1patrones__6-2-300x300.jpg 300w, https:\/\/www.institutomodernoamericano.edu.mx\/ima\/wp-content\/uploads\/2025\/01\/mindfulness2024_P1patrones__6-2-150x150.jpg 150w, https:\/\/www.institutomodernoamericano.edu.mx\/ima\/wp-content\/uploads\/2025\/01\/mindfulness2024_P1patrones__6-2-768x768.jpg 768w\" sizes=\"(max-width: 831px) 100vw, 831px\" \/>\t\t\t\t\t\t\t\t\t\t\t\t\t\t\t<\/div>\n\t\t\t\t<\/div>\n\t\t\t\t\t<\/div>\n\t\t\t\t<\/div>\n\t\t\t\t<\/div>\n\t\t","protected":false},"excerpt":{"rendered":"<p>Mindfulness Nos preocupamos por el\u00a0ser\u00a0de nuestro alumno, es por eso que implementamos el programa\u00a0MINDFULNESS, una pr\u00e1ctica respaldada por la neurociencia que a trav\u00e9s de la respiraci\u00f3n te permite centrar la mente en el momento presente, por lo que favorece el desarrollo y un mejor control de la atenci\u00f3n, una mejor regulaci\u00f3n emocional y autoconocimiento.<\/p>\n","protected":false},"author":1,"featured_media":0,"parent":0,"menu_order":0,"comment_status":"closed","ping_status":"closed","template":"elementor_header_footer","meta":{"footnotes":""},"class_list":["post-57","page","type-page","status-publish","hentry"],"_links":{"self":[{"href":"https:\/\/www.institutomodernoamericano.edu.mx\/ima\/index.php\/wp-json\/wp\/v2\/pages\/57","targetHints":{"allow":["GET"]}}],"collection":[{"href":"https:\/\/www.institutomodernoamericano.edu.mx\/ima\/index.php\/wp-json\/wp\/v2\/pages"}],"about":[{"href":"https:\/\/www.institutomodernoamericano.edu.mx\/ima\/index.php\/wp-json\/wp\/v2\/types\/page"}],"author":[{"embeddable":true,"href":"https:\/\/www.institutomodernoamericano.edu.mx\/ima\/index.php\/wp-json\/wp\/v2\/users\/1"}],"replies":[{"embeddable":true,"href":"https:\/\/www.institutomodernoamericano.edu.mx\/ima\/index.php\/wp-json\/wp\/v2\/comments?post=57"}],"version-history":[{"count":0,"href":"https:\/\/www.institutomodernoamericano.edu.mx\/ima\/index.php\/wp-json\/wp\/v2\/pages\/57\/revisions"}],"wp:attachment":[{"href":"https:\/\/www.institutomodernoamericano.edu.mx\/ima\/index.php\/wp-json\/wp\/v2\/media?parent=57"}],"curies":[{"name":"wp","href":"https:\/\/api.w.org\/{rel}","templated":true}]}}