{"id":985,"date":"2025-02-24T16:16:12","date_gmt":"2025-02-24T16:16:12","guid":{"rendered":"https:\/\/www.institutomodernoamericano.edu.mx\/ima\/\/?page_id=985"},"modified":"2025-03-27T20:57:29","modified_gmt":"2025-03-27T20:57:29","slug":"plan-de-estudios","status":"publish","type":"page","link":"https:\/\/www.institutomodernoamericano.edu.mx\/ima\/index.php\/plan-de-estudios\/","title":{"rendered":"Plan de estudios"},"content":{"rendered":"\t\t<div data-elementor-type=\"wp-page\" data-elementor-id=\"985\" class=\"elementor elementor-985\">\n\t\t\t\t<div class=\"elementor-element elementor-element-d966817 e-flex e-con-boxed e-con e-parent\" data-id=\"d966817\" data-element_type=\"container\" data-e-type=\"container\">\n\t\t\t\t\t<div class=\"e-con-inner\">\n\t\t\t\t<div class=\"elementor-element elementor-element-4b1a452 elementor-widget elementor-widget-text-editor\" data-id=\"4b1a452\" data-element_type=\"widget\" data-e-type=\"widget\" data-widget_type=\"text-editor.default\">\n\t\t\t\t<div class=\"elementor-widget-container\">\n\t\t\t\t\t\t\t\t\t<h2 style=\"text-align: center;\">PLAN Y PROGRAMAS DE ESTUDIOS\u00a0<\/h2><p>Se estructura todo el trabajo de contenidos a trav\u00e9s de m\u00e9todo de proyectos en preescolar y primaria y m\u00e9todo de proyectos y\/o correlaci\u00f3n en secundaria.<\/p><p>Los cuatro campos formativos en los cuales se agrupan los contenidos de los programas se muestran a continuaci\u00f3n, as\u00ed como la correlaci\u00f3n de materias que de forma interna la escuela trabaja.<\/p>\t\t\t\t\t\t\t\t<\/div>\n\t\t\t\t<\/div>\n\t\t\t\t<div class=\"elementor-element elementor-element-647e802 elementor-widget elementor-widget-image\" data-id=\"647e802\" data-element_type=\"widget\" data-e-type=\"widget\" data-widget_type=\"image.default\">\n\t\t\t\t<div class=\"elementor-widget-container\">\n\t\t\t\t\t\t\t\t\t\t\t\t\t\t\t<img fetchpriority=\"high\" decoding=\"async\" width=\"1280\" height=\"720\" src=\"https:\/\/www.institutomodernoamericano.edu.mx\/ima\/wp-content\/uploads\/2025\/02\/Diapositiva1.jpg\" class=\"attachment-full size-full wp-image-988\" alt=\"\" srcset=\"https:\/\/www.institutomodernoamericano.edu.mx\/ima\/wp-content\/uploads\/2025\/02\/Diapositiva1.jpg 1280w, https:\/\/www.institutomodernoamericano.edu.mx\/ima\/wp-content\/uploads\/2025\/02\/Diapositiva1-300x169.jpg 300w, https:\/\/www.institutomodernoamericano.edu.mx\/ima\/wp-content\/uploads\/2025\/02\/Diapositiva1-1024x576.jpg 1024w, https:\/\/www.institutomodernoamericano.edu.mx\/ima\/wp-content\/uploads\/2025\/02\/Diapositiva1-768x432.jpg 768w\" sizes=\"(max-width: 1280px) 100vw, 1280px\" \/>\t\t\t\t\t\t\t\t\t\t\t\t\t\t\t<\/div>\n\t\t\t\t<\/div>\n\t\t\t\t<div class=\"elementor-element elementor-element-cd3472d elementor-widget elementor-widget-text-editor\" data-id=\"cd3472d\" data-element_type=\"widget\" data-e-type=\"widget\" data-widget_type=\"text-editor.default\">\n\t\t\t\t<div class=\"elementor-widget-container\">\n\t\t\t\t\t\t\t\t\t<p>(**) En el Instituto Moderno Americano fortalecemos el aprendizaje acad\u00e9mico con programas internos que desarrollan habilidades blandas clave, preparando a ni\u00f1os, ni\u00f1as y j\u00f3venes para una transici\u00f3n exitosa a niveles educativos superiores.<\/p>\t\t\t\t\t\t\t\t<\/div>\n\t\t\t\t<\/div>\n\t\t\t\t<div class=\"elementor-element elementor-element-c84ce15 elementor-widget elementor-widget-image\" data-id=\"c84ce15\" data-element_type=\"widget\" data-e-type=\"widget\" data-widget_type=\"image.default\">\n\t\t\t\t<div class=\"elementor-widget-container\">\n\t\t\t\t\t\t\t\t\t\t\t\t\t\t\t<img decoding=\"async\" width=\"1280\" height=\"720\" src=\"https:\/\/www.institutomodernoamericano.edu.mx\/ima\/wp-content\/uploads\/2025\/03\/pagina-web.png\" class=\"attachment-full size-full wp-image-1175\" alt=\"\" srcset=\"https:\/\/www.institutomodernoamericano.edu.mx\/ima\/wp-content\/uploads\/2025\/03\/pagina-web.png 1280w, https:\/\/www.institutomodernoamericano.edu.mx\/ima\/wp-content\/uploads\/2025\/03\/pagina-web-300x169.png 300w, https:\/\/www.institutomodernoamericano.edu.mx\/ima\/wp-content\/uploads\/2025\/03\/pagina-web-1024x576.png 1024w, https:\/\/www.institutomodernoamericano.edu.mx\/ima\/wp-content\/uploads\/2025\/03\/pagina-web-768x432.png 768w\" sizes=\"(max-width: 1280px) 100vw, 1280px\" \/>\t\t\t\t\t\t\t\t\t\t\t\t\t\t\t<\/div>\n\t\t\t\t<\/div>\n\t\t\t\t\t<\/div>\n\t\t\t\t<\/div>\n\t\t\t\t<\/div>\n\t\t","protected":false},"excerpt":{"rendered":"<p>PLAN Y PROGRAMAS DE ESTUDIOS\u00a0 Se estructura todo el trabajo de contenidos a trav\u00e9s de m\u00e9todo de proyectos en preescolar y primaria y m\u00e9todo de proyectos y\/o correlaci\u00f3n en secundaria. Los cuatro campos formativos en los cuales se agrupan los contenidos de los programas se muestran a continuaci\u00f3n, as\u00ed como la correlaci\u00f3n de materias que [&hellip;]<\/p>\n","protected":false},"author":1,"featured_media":0,"parent":0,"menu_order":0,"comment_status":"closed","ping_status":"closed","template":"elementor_header_footer","meta":{"footnotes":""},"class_list":["post-985","page","type-page","status-publish","hentry"],"_links":{"self":[{"href":"https:\/\/www.institutomodernoamericano.edu.mx\/ima\/index.php\/wp-json\/wp\/v2\/pages\/985","targetHints":{"allow":["GET"]}}],"collection":[{"href":"https:\/\/www.institutomodernoamericano.edu.mx\/ima\/index.php\/wp-json\/wp\/v2\/pages"}],"about":[{"href":"https:\/\/www.institutomodernoamericano.edu.mx\/ima\/index.php\/wp-json\/wp\/v2\/types\/page"}],"author":[{"embeddable":true,"href":"https:\/\/www.institutomodernoamericano.edu.mx\/ima\/index.php\/wp-json\/wp\/v2\/users\/1"}],"replies":[{"embeddable":true,"href":"https:\/\/www.institutomodernoamericano.edu.mx\/ima\/index.php\/wp-json\/wp\/v2\/comments?post=985"}],"version-history":[{"count":0,"href":"https:\/\/www.institutomodernoamericano.edu.mx\/ima\/index.php\/wp-json\/wp\/v2\/pages\/985\/revisions"}],"wp:attachment":[{"href":"https:\/\/www.institutomodernoamericano.edu.mx\/ima\/index.php\/wp-json\/wp\/v2\/media?parent=985"}],"curies":[{"name":"wp","href":"https:\/\/api.w.org\/{rel}","templated":true}]}}